{"id":279,"date":"2023-06-05T18:49:44","date_gmt":"2023-06-05T16:49:44","guid":{"rendered":"https:\/\/beztroskiwypoczynek.pl\/?page_id=279"},"modified":"2023-06-10T12:02:08","modified_gmt":"2023-06-10T10:02:08","slug":"dom","status":"publish","type":"page","link":"https:\/\/beztroskiwypoczynek.pl\/?page_id=279","title":{"rendered":"Dom"},"content":{"rendered":"<div style=\"width: 640px;\" class=\"wp-video\"><video class=\"wp-video-shortcode\" id=\"video-279-1\" width=\"640\" height=\"360\" preload=\"metadata\" controls=\"controls\"><source type=\"video\/mp4\" src=\"https:\/\/beztroskiwypoczynek.pl\/wp-content\/uploads\/2023\/06\/Luksus-relaks-rozrywka-FB.mp4?_=1\" \/><a href=\"https:\/\/beztroskiwypoczynek.pl\/wp-content\/uploads\/2023\/06\/Luksus-relaks-rozrywka-FB.mp4\">https:\/\/beztroskiwypoczynek.pl\/wp-content\/uploads\/2023\/06\/Luksus-relaks-rozrywka-FB.mp4<\/a><\/video><\/div>\n<style>\/*! elementor - v3.14.0 - 08-06-2023 *\/\n.elementor-heading-title{padding:0;margin:0;line-height:1}.elementor-widget-heading .elementor-heading-title[class*=elementor-size-]>a{color:inherit;font-size:inherit;line-height:inherit}.elementor-widget-heading .elementor-heading-title.elementor-size-small{font-size:15px}.elementor-widget-heading .elementor-heading-title.elementor-size-medium{font-size:19px}.elementor-widget-heading .elementor-heading-title.elementor-size-large{font-size:29px}.elementor-widget-heading .elementor-heading-title.elementor-size-xl{font-size:39px}.elementor-widget-heading .elementor-heading-title.elementor-size-xxl{font-size:59px}<\/style>\n<h2>Witajcie w wakacyjnym RAJU!<\/h2>\n<style>\/*! elementor - v3.14.0 - 08-06-2023 *\/\n.elementor-widget-image{text-align:center}.elementor-widget-image a{display:inline-block}.elementor-widget-image a img[src$=\".svg\"]{width:48px}.elementor-widget-image img{vertical-align:middle;display:inline-block}<\/style>\n<p>\t\t\t\t\t\t\t\t\t\t\t\t<img decoding=\"async\" width=\"950\" height=\"634\" src=\"https:\/\/beztroskiwypoczynek.pl\/wp-content\/uploads\/2023\/06\/88-augustow-beztroski-dom-caloroczny-1024x683.jpg\" alt=\"\" loading=\"lazy\" srcset=\"https:\/\/beztroskiwypoczynek.pl\/wp-content\/uploads\/2023\/06\/88-augustow-beztroski-dom-caloroczny-1024x683.jpg 1024w, https:\/\/beztroskiwypoczynek.pl\/wp-content\/uploads\/2023\/06\/88-augustow-beztroski-dom-caloroczny-300x200.jpg 300w, https:\/\/beztroskiwypoczynek.pl\/wp-content\/uploads\/2023\/06\/88-augustow-beztroski-dom-caloroczny-768x512.jpg 768w, https:\/\/beztroskiwypoczynek.pl\/wp-content\/uploads\/2023\/06\/88-augustow-beztroski-dom-caloroczny.jpg 1200w\" sizes=\"auto, 100vw\" \/>\t\t\t\t\t\t\t\t\t\t\t\t\t\t\t<\/p>\n<h3>Je\u015bli marzycie o idealnym miejscu na relaksuj\u0105cy wypoczynek nad rzek\u0105, to w\u0142a\u015bnie znale\u017ali\u015bcie to, czego szukacie. Nasz przepi\u0119kny dom po\u0142o\u017cony w malowniczej miejscowo\u015bci Serwy, niedaleko Augustowa, to prawdziwe klejnot na mapie letnich przyjemno\u015bci.<\/h3>\n<h2>Relaks<\/h2>\n<p>Od pierwszego momentu poczujecie si\u0119 jak wakacyjne gwiazdy. Wyobra\u017acie sobie, jak wios\u0142ujecie \u0142\u00f3dk\u0105, nap\u0119dzan\u0105 silniczkiem, po krystalicznie czystej rzece, otoczeni pi\u0119knem przyrody. To tylko jeden z niezliczonych powod\u00f3w, dla kt\u00f3rych warto wybra\u0107 nasz\u0105 ofert\u0119.<\/p>\n<p>\t\t\t\t\t\t\t\t\t\t\t\t\t\t\t<img decoding=\"async\" width=\"950\" height=\"632\" src=\"https:\/\/beztroskiwypoczynek.pl\/wp-content\/uploads\/2023\/06\/Jezioro-Serwy-1024x681-1.jpg\" alt=\"\" loading=\"lazy\" srcset=\"https:\/\/beztroskiwypoczynek.pl\/wp-content\/uploads\/2023\/06\/Jezioro-Serwy-1024x681-1.jpg 1024w, https:\/\/beztroskiwypoczynek.pl\/wp-content\/uploads\/2023\/06\/Jezioro-Serwy-1024x681-1-300x200.jpg 300w, https:\/\/beztroskiwypoczynek.pl\/wp-content\/uploads\/2023\/06\/Jezioro-Serwy-1024x681-1-768x511.jpg 768w\" sizes=\"auto, 100vw\" \/><br \/>\n\t\t\t\t\t\t\t\t\t\t\t\t\t\t\t<img decoding=\"async\" width=\"950\" height=\"634\" src=\"https:\/\/beztroskiwypoczynek.pl\/wp-content\/uploads\/2023\/06\/79-augustow-beztroski-dom-caloroczny-1024x683.jpg\" alt=\"\" loading=\"lazy\" srcset=\"https:\/\/beztroskiwypoczynek.pl\/wp-content\/uploads\/2023\/06\/79-augustow-beztroski-dom-caloroczny-1024x683.jpg 1024w, https:\/\/beztroskiwypoczynek.pl\/wp-content\/uploads\/2023\/06\/79-augustow-beztroski-dom-caloroczny-300x200.jpg 300w, https:\/\/beztroskiwypoczynek.pl\/wp-content\/uploads\/2023\/06\/79-augustow-beztroski-dom-caloroczny-768x512.jpg 768w, https:\/\/beztroskiwypoczynek.pl\/wp-content\/uploads\/2023\/06\/79-augustow-beztroski-dom-caloroczny.jpg 1200w\" sizes=\"auto, 100vw\" \/><br \/>\n\t\t\t\t\t\t\t\t\t\t\t\t\t\t\t<img decoding=\"async\" width=\"950\" height=\"499\" src=\"https:\/\/beztroskiwypoczynek.pl\/wp-content\/uploads\/2023\/06\/298653576_593711625557858_1124508250231426595_n-2.jpg\" alt=\"\" loading=\"lazy\" srcset=\"https:\/\/beztroskiwypoczynek.pl\/wp-content\/uploads\/2023\/06\/298653576_593711625557858_1124508250231426595_n-2.jpg 2048w, https:\/\/beztroskiwypoczynek.pl\/wp-content\/uploads\/2023\/06\/298653576_593711625557858_1124508250231426595_n-2-300x158.jpg 300w, https:\/\/beztroskiwypoczynek.pl\/wp-content\/uploads\/2023\/06\/298653576_593711625557858_1124508250231426595_n-2-1024x538.jpg 1024w, https:\/\/beztroskiwypoczynek.pl\/wp-content\/uploads\/2023\/06\/298653576_593711625557858_1124508250231426595_n-2-768x404.jpg 768w, https:\/\/beztroskiwypoczynek.pl\/wp-content\/uploads\/2023\/06\/298653576_593711625557858_1124508250231426595_n-2-1536x807.jpg 1536w, https:\/\/beztroskiwypoczynek.pl\/wp-content\/uploads\/2023\/06\/298653576_593711625557858_1124508250231426595_n-2-2000x1051.jpg 2000w\" sizes=\"auto, 100vw\" \/><br \/>\n\t\t\t\t\t\t\t\t\t\t\t\t\t\t\t<img decoding=\"async\" width=\"950\" height=\"634\" src=\"https:\/\/beztroskiwypoczynek.pl\/wp-content\/uploads\/2023\/06\/87-augustow-beztroski-dom-caloroczny-1024x683.jpg\" alt=\"\" loading=\"lazy\" srcset=\"https:\/\/beztroskiwypoczynek.pl\/wp-content\/uploads\/2023\/06\/87-augustow-beztroski-dom-caloroczny-1024x683.jpg 1024w, https:\/\/beztroskiwypoczynek.pl\/wp-content\/uploads\/2023\/06\/87-augustow-beztroski-dom-caloroczny-300x200.jpg 300w, https:\/\/beztroskiwypoczynek.pl\/wp-content\/uploads\/2023\/06\/87-augustow-beztroski-dom-caloroczny-768x512.jpg 768w, https:\/\/beztroskiwypoczynek.pl\/wp-content\/uploads\/2023\/06\/87-augustow-beztroski-dom-caloroczny.jpg 1200w\" sizes=\"auto, 100vw\" \/><br \/>\n\t\t\t\t\t\t\t\t\t\t\t\t\t\t\t<img decoding=\"async\" width=\"950\" height=\"634\" src=\"https:\/\/beztroskiwypoczynek.pl\/wp-content\/uploads\/2023\/06\/85-augustow-beztroski-dom-caloroczny-1024x683.jpg\" alt=\"\" loading=\"lazy\" srcset=\"https:\/\/beztroskiwypoczynek.pl\/wp-content\/uploads\/2023\/06\/85-augustow-beztroski-dom-caloroczny-1024x683.jpg 1024w, https:\/\/beztroskiwypoczynek.pl\/wp-content\/uploads\/2023\/06\/85-augustow-beztroski-dom-caloroczny-300x200.jpg 300w, https:\/\/beztroskiwypoczynek.pl\/wp-content\/uploads\/2023\/06\/85-augustow-beztroski-dom-caloroczny-768x512.jpg 768w, https:\/\/beztroskiwypoczynek.pl\/wp-content\/uploads\/2023\/06\/85-augustow-beztroski-dom-caloroczny.jpg 1200w\" sizes=\"auto, 100vw\" \/>\t\t\t\t\t\t\t\t\t\t\t\t\t\t\t<\/p>\n<h2>Komfort<\/h2>\n<p>Po powrocie do domu czekaj\u0105 na was niezwyk\u0142e atrakcje. Zrelaksujcie si\u0119 w naszym jacuzzi, otoczonym wygodnymi le\u017cakami i b\u0105belkuj\u0105c\u0105 wod\u0105. Przyjd\u017acie tu z partnerem, rodzin\u0105 lub przyjaci\u00f3\u0142mi i cieszcie si\u0119 chwilami pe\u0142nymi b\u0142ogiego odpr\u0119\u017cenia.<\/p>\n<p>\t\t\t\t\t\t\t\t\t\t\t\t\t\t\t<img decoding=\"async\" width=\"950\" height=\"415\" src=\"https:\/\/beztroskiwypoczynek.pl\/wp-content\/uploads\/2023\/06\/298365972_593711655557855_5514755255058765069_n-1-1024x447.jpg\" alt=\"\" loading=\"lazy\" srcset=\"https:\/\/beztroskiwypoczynek.pl\/wp-content\/uploads\/2023\/06\/298365972_593711655557855_5514755255058765069_n-1-1024x447.jpg 1024w, https:\/\/beztroskiwypoczynek.pl\/wp-content\/uploads\/2023\/06\/298365972_593711655557855_5514755255058765069_n-1-300x131.jpg 300w, https:\/\/beztroskiwypoczynek.pl\/wp-content\/uploads\/2023\/06\/298365972_593711655557855_5514755255058765069_n-1-768x335.jpg 768w, https:\/\/beztroskiwypoczynek.pl\/wp-content\/uploads\/2023\/06\/298365972_593711655557855_5514755255058765069_n-1-1536x671.jpg 1536w, https:\/\/beztroskiwypoczynek.pl\/wp-content\/uploads\/2023\/06\/298365972_593711655557855_5514755255058765069_n-1-2000x873.jpg 2000w, https:\/\/beztroskiwypoczynek.pl\/wp-content\/uploads\/2023\/06\/298365972_593711655557855_5514755255058765069_n-1.jpg 2048w\" sizes=\"auto, 100vw\" \/>\t\t\t\t\t\t\t\t\t\t\t\t\t\t\t<\/p>\n<h2>Wygoda<\/h2>\n<p>A to jeszcze nie koniec! Nasza sauna to prawdziwe \u017ar\u00f3d\u0142o dobroczynno\u015bci dla cia\u0142a i duszy. Rozgrzejcie si\u0119 w przyjemnej atmosferze, kt\u00f3ra pomo\u017ce wam uwolni\u0107 stres i odpr\u0119\u017cy\u0107 mi\u0119\u015bnie.<\/p>\n<p>\t\t\t\t\t\t\t\t\t\t\t\t\t\t\t<img decoding=\"async\" width=\"769\" height=\"1024\" src=\"https:\/\/beztroskiwypoczynek.pl\/wp-content\/uploads\/2023\/06\/298373871_593711508891203_7169601356037037718_n-2-769x1024.jpg\" alt=\"\" loading=\"lazy\" srcset=\"https:\/\/beztroskiwypoczynek.pl\/wp-content\/uploads\/2023\/06\/298373871_593711508891203_7169601356037037718_n-2-769x1024.jpg 769w, https:\/\/beztroskiwypoczynek.pl\/wp-content\/uploads\/2023\/06\/298373871_593711508891203_7169601356037037718_n-2-225x300.jpg 225w, https:\/\/beztroskiwypoczynek.pl\/wp-content\/uploads\/2023\/06\/298373871_593711508891203_7169601356037037718_n-2-768x1023.jpg 768w, https:\/\/beztroskiwypoczynek.pl\/wp-content\/uploads\/2023\/06\/298373871_593711508891203_7169601356037037718_n-2-1154x1536.jpg 1154w, https:\/\/beztroskiwypoczynek.pl\/wp-content\/uploads\/2023\/06\/298373871_593711508891203_7169601356037037718_n-2.jpg 1538w\" sizes=\"auto, 100vw\" \/><br \/>\n\t\t\t\t\t\t\t\t\t\t\t\t\t\t\t<img decoding=\"async\" width=\"950\" height=\"634\" src=\"https:\/\/beztroskiwypoczynek.pl\/wp-content\/uploads\/2023\/06\/86-augustow-beztroski-dom-caloroczny-1-1024x683.jpg\" alt=\"\" loading=\"lazy\" srcset=\"https:\/\/beztroskiwypoczynek.pl\/wp-content\/uploads\/2023\/06\/86-augustow-beztroski-dom-caloroczny-1-1024x683.jpg 1024w, https:\/\/beztroskiwypoczynek.pl\/wp-content\/uploads\/2023\/06\/86-augustow-beztroski-dom-caloroczny-1-300x200.jpg 300w, https:\/\/beztroskiwypoczynek.pl\/wp-content\/uploads\/2023\/06\/86-augustow-beztroski-dom-caloroczny-1-768x512.jpg 768w, https:\/\/beztroskiwypoczynek.pl\/wp-content\/uploads\/2023\/06\/86-augustow-beztroski-dom-caloroczny-1.jpg 1200w\" sizes=\"auto, 100vw\" \/><br \/>\n\t\t\t\t\t\t\t\t\t\t\t\t\t\t\t<img decoding=\"async\" width=\"950\" height=\"464\" src=\"https:\/\/beztroskiwypoczynek.pl\/wp-content\/uploads\/2023\/06\/298377088_593711408891213_5336540075735440066_n-5-1024x500.jpg\" alt=\"\" loading=\"lazy\" srcset=\"https:\/\/beztroskiwypoczynek.pl\/wp-content\/uploads\/2023\/06\/298377088_593711408891213_5336540075735440066_n-5-1024x500.jpg 1024w, https:\/\/beztroskiwypoczynek.pl\/wp-content\/uploads\/2023\/06\/298377088_593711408891213_5336540075735440066_n-5-300x146.jpg 300w, https:\/\/beztroskiwypoczynek.pl\/wp-content\/uploads\/2023\/06\/298377088_593711408891213_5336540075735440066_n-5-768x375.jpg 768w, https:\/\/beztroskiwypoczynek.pl\/wp-content\/uploads\/2023\/06\/298377088_593711408891213_5336540075735440066_n-5-1536x750.jpg 1536w, https:\/\/beztroskiwypoczynek.pl\/wp-content\/uploads\/2023\/06\/298377088_593711408891213_5336540075735440066_n-5-2000x977.jpg 2000w, https:\/\/beztroskiwypoczynek.pl\/wp-content\/uploads\/2023\/06\/298377088_593711408891213_5336540075735440066_n-5.jpg 2048w\" sizes=\"auto, 100vw\" \/><br \/>\n\t\t\t\t\t\t\t\t\t\t\t\t\t\t\t<img decoding=\"async\" width=\"950\" height=\"713\" src=\"https:\/\/beztroskiwypoczynek.pl\/wp-content\/uploads\/2023\/06\/298185838_593711768891177_8111386096590344694_n-1-1-1024x769.jpg\" alt=\"\" loading=\"lazy\" srcset=\"https:\/\/beztroskiwypoczynek.pl\/wp-content\/uploads\/2023\/06\/298185838_593711768891177_8111386096590344694_n-1-1-1024x769.jpg 1024w, https:\/\/beztroskiwypoczynek.pl\/wp-content\/uploads\/2023\/06\/298185838_593711768891177_8111386096590344694_n-1-1-300x225.jpg 300w, https:\/\/beztroskiwypoczynek.pl\/wp-content\/uploads\/2023\/06\/298185838_593711768891177_8111386096590344694_n-1-1-768x577.jpg 768w, https:\/\/beztroskiwypoczynek.pl\/wp-content\/uploads\/2023\/06\/298185838_593711768891177_8111386096590344694_n-1-1-1536x1154.jpg 1536w, https:\/\/beztroskiwypoczynek.pl\/wp-content\/uploads\/2023\/06\/298185838_593711768891177_8111386096590344694_n-1-1-2000x1502.jpg 2000w, https:\/\/beztroskiwypoczynek.pl\/wp-content\/uploads\/2023\/06\/298185838_593711768891177_8111386096590344694_n-1-1.jpg 2048w\" sizes=\"auto, 100vw\" \/>\t\t\t\t\t\t\t\t\t\t\t\t\t\t\t<\/p>\n<h2>Imprezy<\/h2>\n<p>A gdy nadejdzie wiecz\u00f3r, zapraszamy was do naszego wyj\u0105tkowego baru. O\u015bwietlany kolorowymi ledami, stworzy magiczn\u0105 atmosfer\u0119 i zapewni niezapomniane chwile przy lampce ulubionego napoju. To idealne miejsce, aby delektowa\u0107 si\u0119 wieczornymi rozmowami i relaksowa\u0107 si\u0119 po pe\u0142nym wra\u017ce\u0144 dniu.<\/p>\n<p>\t\t\t\t\t\t\t\t\t\t\t\t\t\t\t<img decoding=\"async\" width=\"950\" height=\"634\" src=\"https:\/\/beztroskiwypoczynek.pl\/wp-content\/uploads\/2023\/06\/79-augustow-beztroski-dom-caloroczny-1-1024x683.jpg\" alt=\"\" loading=\"lazy\" srcset=\"https:\/\/beztroskiwypoczynek.pl\/wp-content\/uploads\/2023\/06\/79-augustow-beztroski-dom-caloroczny-1-1024x683.jpg 1024w, https:\/\/beztroskiwypoczynek.pl\/wp-content\/uploads\/2023\/06\/79-augustow-beztroski-dom-caloroczny-1-300x200.jpg 300w, https:\/\/beztroskiwypoczynek.pl\/wp-content\/uploads\/2023\/06\/79-augustow-beztroski-dom-caloroczny-1-768x512.jpg 768w, https:\/\/beztroskiwypoczynek.pl\/wp-content\/uploads\/2023\/06\/79-augustow-beztroski-dom-caloroczny-1.jpg 1200w\" sizes=\"auto, 100vw\" \/><br \/>\n\t\t\t\t\t\t\t\t\t\t\t\t\t\t\t<img decoding=\"async\" width=\"950\" height=\"634\" src=\"https:\/\/beztroskiwypoczynek.pl\/wp-content\/uploads\/2023\/06\/76-augustow-beztroski-dom-caloroczny-1024x683.jpg\" alt=\"\" loading=\"lazy\" srcset=\"https:\/\/beztroskiwypoczynek.pl\/wp-content\/uploads\/2023\/06\/76-augustow-beztroski-dom-caloroczny-1024x683.jpg 1024w, https:\/\/beztroskiwypoczynek.pl\/wp-content\/uploads\/2023\/06\/76-augustow-beztroski-dom-caloroczny-300x200.jpg 300w, https:\/\/beztroskiwypoczynek.pl\/wp-content\/uploads\/2023\/06\/76-augustow-beztroski-dom-caloroczny-768x512.jpg 768w, https:\/\/beztroskiwypoczynek.pl\/wp-content\/uploads\/2023\/06\/76-augustow-beztroski-dom-caloroczny.jpg 1200w\" sizes=\"auto, 100vw\" \/><br \/>\n\t\t\t\t\t\t\t\t\t\t\t\t\t\t\t<img decoding=\"async\" width=\"950\" height=\"634\" src=\"https:\/\/beztroskiwypoczynek.pl\/wp-content\/uploads\/2023\/06\/84-augustow-beztroski-dom-caloroczny-1024x683.jpg\" alt=\"\" loading=\"lazy\" srcset=\"https:\/\/beztroskiwypoczynek.pl\/wp-content\/uploads\/2023\/06\/84-augustow-beztroski-dom-caloroczny-1024x683.jpg 1024w, https:\/\/beztroskiwypoczynek.pl\/wp-content\/uploads\/2023\/06\/84-augustow-beztroski-dom-caloroczny-300x200.jpg 300w, https:\/\/beztroskiwypoczynek.pl\/wp-content\/uploads\/2023\/06\/84-augustow-beztroski-dom-caloroczny-768x512.jpg 768w, https:\/\/beztroskiwypoczynek.pl\/wp-content\/uploads\/2023\/06\/84-augustow-beztroski-dom-caloroczny.jpg 1200w\" sizes=\"auto, 100vw\" \/><br \/>\n\t\t\t\t\t\t\t\t\t\t\t\t\t\t\t<img decoding=\"async\" width=\"950\" height=\"634\" src=\"https:\/\/beztroskiwypoczynek.pl\/wp-content\/uploads\/2023\/06\/81-augustow-beztroski-dom-caloroczny-1024x683.jpg\" alt=\"\" loading=\"lazy\" srcset=\"https:\/\/beztroskiwypoczynek.pl\/wp-content\/uploads\/2023\/06\/81-augustow-beztroski-dom-caloroczny-1024x683.jpg 1024w, https:\/\/beztroskiwypoczynek.pl\/wp-content\/uploads\/2023\/06\/81-augustow-beztroski-dom-caloroczny-300x200.jpg 300w, https:\/\/beztroskiwypoczynek.pl\/wp-content\/uploads\/2023\/06\/81-augustow-beztroski-dom-caloroczny-768x512.jpg 768w, https:\/\/beztroskiwypoczynek.pl\/wp-content\/uploads\/2023\/06\/81-augustow-beztroski-dom-caloroczny.jpg 1200w\" sizes=\"auto, 100vw\" \/>\t\t\t\t\t\t\t\t\t\t\t\t\t\t\t<\/p>\n<h3>rezerwuj telefonicznie (zak\u0142adka kontakt)<\/h3>\n<style>\/*! elementor - v3.14.0 - 08-06-2023 *\/\n.elementor-widget-google_maps .elementor-widget-container{overflow:hidden}.elementor-widget-google_maps .elementor-custom-embed{line-height:0}.elementor-widget-google_maps iframe{height:300px}<\/style>\n<p>\t\t\t<iframe loading=\"lazy\"\n\t\t\t\t\tsrc=\"https:\/\/maps.google.com\/maps?q=Serwy%2C%20Polska&#038;t=m&#038;z=13&#038;output=embed&#038;iwloc=near\"\n\t\t\t\t\ttitle=\"Serwy, Polska\"\n\t\t\t\t\taria-label=\"Serwy, Polska\"\n\t\t\t><\/iframe><\/p>\n","protected":false},"excerpt":{"rendered":"<p>https:\/\/beztroskiwypoczynek.pl\/wp-content\/uploads\/2023\/06\/Luksus-relaks-rozrywka-FB.mp4 Witajcie w wakacyjnym RAJU! Je\u015bli marzycie o idealnym miejscu na relaksuj\u0105cy wypoczynek nad rzek\u0105, to w\u0142a\u015bnie znale\u017ali\u015bcie to, czego szukacie. Nasz przepi\u0119kny dom po\u0142o\u017cony w malowniczej miejscowo\u015bci Serwy, niedaleko Augustowa, to prawdziwe klejnot na mapie letnich przyjemno\u015bci. Relaks Od pierwszego momentu poczujecie si\u0119 jak wakacyjne gwiazdy. Wyobra\u017acie sobie, jak wios\u0142ujecie \u0142\u00f3dk\u0105, nap\u0119dzan\u0105 silniczkiem, po &hellip; <\/p>\n<p class=\"link-more\"><a href=\"https:\/\/beztroskiwypoczynek.pl\/?page_id=279\" class=\"more-link\">Read more<span class=\"screen-reader-text\"> &#8222;Dom&#8221;<\/span><\/a><\/p>\n","protected":false},"author":1,"featured_media":0,"parent":0,"menu_order":0,"comment_status":"closed","ping_status":"closed","template":"","meta":{"footnotes":""},"class_list":["post-279","page","type-page","status-publish","hentry"],"jetpack_sharing_enabled":true,"_links":{"self":[{"href":"https:\/\/beztroskiwypoczynek.pl\/index.php?rest_route=\/wp\/v2\/pages\/279","targetHints":{"allow":["GET"]}}],"collection":[{"href":"https:\/\/beztroskiwypoczynek.pl\/index.php?rest_route=\/wp\/v2\/pages"}],"about":[{"href":"https:\/\/beztroskiwypoczynek.pl\/index.php?rest_route=\/wp\/v2\/types\/page"}],"author":[{"embeddable":true,"href":"https:\/\/beztroskiwypoczynek.pl\/index.php?rest_route=\/wp\/v2\/users\/1"}],"replies":[{"embeddable":true,"href":"https:\/\/beztroskiwypoczynek.pl\/index.php?rest_route=%2Fwp%2Fv2%2Fcomments&post=279"}],"version-history":[{"count":30,"href":"https:\/\/beztroskiwypoczynek.pl\/index.php?rest_route=\/wp\/v2\/pages\/279\/revisions"}],"predecessor-version":[{"id":444,"href":"https:\/\/beztroskiwypoczynek.pl\/index.php?rest_route=\/wp\/v2\/pages\/279\/revisions\/444"}],"wp:attachment":[{"href":"https:\/\/beztroskiwypoczynek.pl\/index.php?rest_route=%2Fwp%2Fv2%2Fmedia&parent=279"}],"curies":[{"name":"wp","href":"https:\/\/api.w.org\/{rel}","templated":true}]}}