{"id":212,"date":"2023-06-03T13:15:36","date_gmt":"2023-06-03T11:15:36","guid":{"rendered":"https:\/\/beztroskiwypoczynek.pl\/?page_id=212"},"modified":"2023-06-08T22:19:20","modified_gmt":"2023-06-08T20:19:20","slug":"strona-glowna","status":"publish","type":"page","link":"https:\/\/beztroskiwypoczynek.pl\/","title":{"rendered":"Strona G\u0142\u00f3wna"},"content":{"rendered":"<div style=\"width: 640px;\" class=\"wp-video\"><video class=\"wp-video-shortcode\" id=\"video-212-1\" width=\"640\" height=\"360\" preload=\"metadata\" controls=\"controls\"><source type=\"video\/mp4\" src=\"https:\/\/beztroskiwypoczynek.pl\/wp-content\/uploads\/2023\/06\/Witamy-na-Film-1-4.mp4?_=1\" \/><a href=\"https:\/\/beztroskiwypoczynek.pl\/wp-content\/uploads\/2023\/06\/Witamy-na-Film-1-4.mp4\">https:\/\/beztroskiwypoczynek.pl\/wp-content\/uploads\/2023\/06\/Witamy-na-Film-1-4.mp4<\/a><\/video><\/div>\n<style>\/*! elementor - v3.14.0 - 08-06-2023 *\/\n.elementor-widget-image{text-align:center}.elementor-widget-image a{display:inline-block}.elementor-widget-image a img[src$=\".svg\"]{width:48px}.elementor-widget-image img{vertical-align:middle;display:inline-block}<\/style>\n<figure>\n\t\t\t\t\t\t\t\t\t\t\t<a href=\"https:\/\/beztroskiwypoczynek.pl\/?page_id=101\" target=\"_blank\" rel=\"noopener\"><br \/>\n\t\t\t\t\t\t\t<img decoding=\"async\" width=\"950\" height=\"534\" src=\"https:\/\/beztroskiwypoczynek.pl\/wp-content\/uploads\/2023\/06\/Projekt-bez-nazwy-4-1024x576.png\" alt=\"\" loading=\"lazy\" srcset=\"https:\/\/beztroskiwypoczynek.pl\/wp-content\/uploads\/2023\/06\/Projekt-bez-nazwy-4-1024x576.png 1024w, https:\/\/beztroskiwypoczynek.pl\/wp-content\/uploads\/2023\/06\/Projekt-bez-nazwy-4-300x169.png 300w, https:\/\/beztroskiwypoczynek.pl\/wp-content\/uploads\/2023\/06\/Projekt-bez-nazwy-4-768x432.png 768w, https:\/\/beztroskiwypoczynek.pl\/wp-content\/uploads\/2023\/06\/Projekt-bez-nazwy-4-1536x864.png 1536w, https:\/\/beztroskiwypoczynek.pl\/wp-content\/uploads\/2023\/06\/Projekt-bez-nazwy-4.png 1920w\" sizes=\"auto, 100vw\" \/>\t\t\t\t\t\t\t\t<\/a><figcaption><\/figcaption><\/figure>\n<figure>\n\t\t\t\t\t\t\t\t\t\t\t<a href=\"https:\/\/beztroskiwypoczynek.pl\/?page_id=279\"><br \/>\n\t\t\t\t\t\t\t<img decoding=\"async\" width=\"950\" height=\"534\" src=\"https:\/\/beztroskiwypoczynek.pl\/wp-content\/uploads\/2023\/06\/Projekt-bez-nazwy-3-1-1024x576.png\" alt=\"\" loading=\"lazy\" srcset=\"https:\/\/beztroskiwypoczynek.pl\/wp-content\/uploads\/2023\/06\/Projekt-bez-nazwy-3-1-1024x576.png 1024w, https:\/\/beztroskiwypoczynek.pl\/wp-content\/uploads\/2023\/06\/Projekt-bez-nazwy-3-1-300x169.png 300w, https:\/\/beztroskiwypoczynek.pl\/wp-content\/uploads\/2023\/06\/Projekt-bez-nazwy-3-1-768x432.png 768w, https:\/\/beztroskiwypoczynek.pl\/wp-content\/uploads\/2023\/06\/Projekt-bez-nazwy-3-1-1536x864.png 1536w, https:\/\/beztroskiwypoczynek.pl\/wp-content\/uploads\/2023\/06\/Projekt-bez-nazwy-3-1.png 1920w\" sizes=\"auto, 100vw\" \/>\t\t\t\t\t\t\t\t<\/a><figcaption><\/figcaption><\/figure>\n<p style=\"text-align: center;\">Kliknij na zdj\u0119cie aby dowiedzie\u0107 si\u0119 wi\u0119cej!<\/p>\n","protected":false},"excerpt":{"rendered":"<p>https:\/\/beztroskiwypoczynek.pl\/wp-content\/uploads\/2023\/06\/Witamy-na-Film-1-4.mp4 Kliknij na zdj\u0119cie aby dowiedzie\u0107 si\u0119 wi\u0119cej!<\/p>\n","protected":false},"author":1,"featured_media":0,"parent":0,"menu_order":0,"comment_status":"closed","ping_status":"closed","template":"","meta":{"footnotes":""},"class_list":["post-212","page","type-page","status-publish","hentry"],"jetpack_sharing_enabled":true,"_links":{"self":[{"href":"https:\/\/beztroskiwypoczynek.pl\/index.php?rest_route=\/wp\/v2\/pages\/212","targetHints":{"allow":["GET"]}}],"collection":[{"href":"https:\/\/beztroskiwypoczynek.pl\/index.php?rest_route=\/wp\/v2\/pages"}],"about":[{"href":"https:\/\/beztroskiwypoczynek.pl\/index.php?rest_route=\/wp\/v2\/types\/page"}],"author":[{"embeddable":true,"href":"https:\/\/beztroskiwypoczynek.pl\/index.php?rest_route=\/wp\/v2\/users\/1"}],"replies":[{"embeddable":true,"href":"https:\/\/beztroskiwypoczynek.pl\/index.php?rest_route=%2Fwp%2Fv2%2Fcomments&post=212"}],"version-history":[{"count":18,"href":"https:\/\/beztroskiwypoczynek.pl\/index.php?rest_route=\/wp\/v2\/pages\/212\/revisions"}],"predecessor-version":[{"id":423,"href":"https:\/\/beztroskiwypoczynek.pl\/index.php?rest_route=\/wp\/v2\/pages\/212\/revisions\/423"}],"wp:attachment":[{"href":"https:\/\/beztroskiwypoczynek.pl\/index.php?rest_route=%2Fwp%2Fv2%2Fmedia&parent=212"}],"curies":[{"name":"wp","href":"https:\/\/api.w.org\/{rel}","templated":true}]}}