{"id":155,"date":"2023-06-03T11:21:36","date_gmt":"2023-06-03T09:21:36","guid":{"rendered":"https:\/\/beztroskiwypoczynek.pl\/?page_id=155"},"modified":"2023-06-05T18:48:00","modified_gmt":"2023-06-05T16:48:00","slug":"regulamin","status":"publish","type":"page","link":"https:\/\/beztroskiwypoczynek.pl\/?page_id=155","title":{"rendered":"Regulamin"},"content":{"rendered":"<style>\/*! elementor - v3.14.0 - 30-05-2023 *\/\n.elementor-heading-title{padding:0;margin:0;line-height:1}.elementor-widget-heading .elementor-heading-title[class*=elementor-size-]>a{color:inherit;font-size:inherit;line-height:inherit}.elementor-widget-heading .elementor-heading-title.elementor-size-small{font-size:15px}.elementor-widget-heading .elementor-heading-title.elementor-size-medium{font-size:19px}.elementor-widget-heading .elementor-heading-title.elementor-size-large{font-size:29px}.elementor-widget-heading .elementor-heading-title.elementor-size-xl{font-size:39px}.elementor-widget-heading .elementor-heading-title.elementor-size-xxl{font-size:59px}<\/style>\n<h2>Regulamin strony internetowej www.beztroskiwypoczynek.pl<\/h2>\n<h5>\u00a71 Postanowienia og\u00f3lne<\/h5>\n<h5>Niniejszy regulamin okre\u015bla zasady korzystania z serwisu internetowego www.beztroskiwypoczynek.pl (dalej zwanej &#8222;Stron\u0105&#8221;) oraz warunki wynajmu domu na Mazurach i organizacji rejs\u00f3w jachtem.<\/h5>\n<h5>Strona jest w\u0142asno\u015bci\u0105 KONKRET Sebastian Olchanowski, z siedzib\u0105 w Bia\u0142ymstoku, zarejestrowan\u0105 zgodnie z obowi\u0105zuj\u0105cymi przepisami prawa.<\/h5>\n<h5>Korzystanie z Serwisu oraz wynajem domu lub rejs jachtem wi\u0105\u017ce si\u0119 z akceptacj\u0105 niniejszego regulaminu.<\/h5>\n<h5>\u00a72 Wynajem domu na Mazurach<\/h5>\n<h5>Oferta wynajmu domu na Mazurach prezentowana na Stronie jest informacj\u0105 zaproszeniem do negocjacji.<\/h5>\n<h5>Warunki wynajmu domu, w tym ceny, terminy dost\u0119pno\u015bci i zasady p\u0142atno\u015bci, s\u0105 szczeg\u00f3\u0142owo opisane na Stronie.<\/h5>\n<h5>W celu dokonania rezerwacji, u\u017cytkownik Strony musi skontaktowa\u0107 si\u0119 z KONKRET Sebastian Olchanowski za pomoc\u0105 podanych danych kontaktowych.<\/h5>\n<h5>Wynajem domu odbywa si\u0119 na zasadach umowy cywilnoprawnej, kt\u00f3rej warunki s\u0105 ustalane indywidualnie z klientem.<\/h5>\n<h5>U\u017cytkownik zobowi\u0105zany jest do przestrzegania regulaminu wynajmu domu, kt\u00f3ry zostanie przekazany przed zawarciem umowy.<\/h5>\n<h5>\u00a73 Rejsy jachtem<\/h5>\n<h5>Oferta rejs\u00f3w jachtem prezentowana na Stronie jest informacj\u0105 zaproszeniem do negocjacji.<\/h5>\n<h5>Warunki rejsu jachtem, w tym trasy, ceny, terminy dost\u0119pno\u015bci i zasady p\u0142atno\u015bci, s\u0105 szczeg\u00f3\u0142owo opisane na Stronie.<\/h5>\n<h5>W celu dokonania rezerwacji, u\u017cytkownik Strony musi skontaktowa\u0107 si\u0119 z KONKRET Sebastian Olchanowski za pomoc\u0105 podanych danych kontaktowych.<\/h5>\n<h5>Organizacja rejsu jachtem odbywa si\u0119 na zasadach umowy cywilnoprawnej, kt\u00f3rej warunki s\u0105 ustalane indywidualnie z klientem.<\/h5>\n<h5>U\u017cytkownik zobowi\u0105zany jest do przestrzegania regulaminu rejsu jachtem, kt\u00f3ry zostanie przekazany przed zawarciem umowy.<\/h5>\n<h5>\u00a74 Odpowiedzialno\u015b\u0107<\/h5>\n<h5>KONKRET Sebastian Olchanowski dok\u0142ada wszelkich stara\u0144, aby informacje prezentowane na Stronie by\u0142y aktualne i dok\u0142adne, jednak nie ponosi odpowiedzialno\u015bci za ewentualne b\u0142\u0119dy lub nie\u015bcis\u0142o\u015bci.<\/h5>\n<h5>KONKRET Sebastian Olchanowski nie ponosi odpowiedzialno\u015bci za ewentualne szkody, straty lub kontuzje wynik\u0142e z korzystania z wynajmu domu lub rejsu jachtem, chyba \u017ce wynikaj\u0105 one z ra\u017c\u0105cego zaniedbania KONKRET Sebastian Olchanowski.<\/h5>\n<h5>U\u017cytkownik Strony ponosi pe\u0142n\u0105 odpowiedzialno\u015b\u0107 za swoje dzia\u0142ania podczas pobytu w wynaj\u0119tym domu lub podczas rejsu jachtem.<\/h5>\n<h5>\u00a75 Ochrona danych osobowych<\/h5>\n<h5>Dane osobowe u\u017cytkownik\u00f3w Strony s\u0105 gromadzone i przetwarzane zgodnie z obowi\u0105zuj\u0105cymi przepisami prawa oraz polityk\u0105 prywatno\u015bci KONKRET Sebastian Olchanowski.<\/h5>\n<h5>Dane osobowe u\u017cytkownik\u00f3w Strony mog\u0105 by\u0107 wykorzystywane wy\u0142\u0105cznie w celu realizacji umowy wynajmu domu lub organizacji rejsu jachtem.<\/h5>\n<h5>U\u017cytkownik ma prawo \u017c\u0105dania dost\u0119pu, poprawiania lub usuni\u0119cia swoich danych osobowych z bazy KONKRET Sebastian Olchanowski.<\/h5>\n<h5>\u00a76 Zmiany w regulaminie<\/h5>\n<h5>KONKRET Sebastian Olchanowski zastrzega sobie prawo do dokonywania zmian w niniejszym regulaminie w dowolnym czasie.<\/h5>\n<h5>Zmiany w regulaminie wchodz\u0105 w \u017cycie po up\u0142ywie 7 dni od ich publikacji na Stronie.<\/h5>\n<h5>U\u017cytkownik Strony, kontynuuj\u0105c korzystanie z Serwisu po wprowadzeniu zmian w regulaminie, akceptuje nowe postanowienia.<\/h5>\n<h5>\u00a77 Postanowienia ko\u0144cowe<\/h5>\n<h5>Niniejszy regulamin jest wa\u017cny i obowi\u0105zuje od momentu rozpocz\u0119cia korzystania z Strony.<\/h5>\n<h5>Wszelkie spory wynikaj\u0105ce z korzystania z Serwisu, wynajmu domu lub organizacji rejsu jachtem b\u0119d\u0105 rozstrzygane przez w\u0142a\u015bciwe s\u0105dy na podstawie obowi\u0105zuj\u0105cego prawa polskiego.<\/h5>\n<h5>W przypadku jakichkolwiek pyta\u0144, w\u0105tpliwo\u015bci lub skarg dotycz\u0105cych korzystania z Serwisu lub wynajmu domu\/rejsu jachtem, u\u017cytkownik mo\u017ce skontaktowa\u0107 si\u0119 z KONKRET Sebastian Olchanowski za pomoc\u0105 podanych danych kontaktowych.<\/h5>\n<h5>Zapozna\u0142em si\u0119 z regulaminem strony internetowej www.beztroskiwypoczynek.pl i akceptuj\u0119 jego postanowienia.<\/h5>\n","protected":false},"excerpt":{"rendered":"<p>Regulamin strony internetowej www.beztroskiwypoczynek.pl \u00a71 Postanowienia og\u00f3lne Niniejszy regulamin okre\u015bla zasady korzystania z serwisu internetowego www.beztroskiwypoczynek.pl (dalej zwanej &#8222;Stron\u0105&#8221;) oraz warunki wynajmu domu na Mazurach i organizacji rejs\u00f3w jachtem. Strona jest w\u0142asno\u015bci\u0105 KONKRET Sebastian Olchanowski, z siedzib\u0105 w Bia\u0142ymstoku, zarejestrowan\u0105 zgodnie z obowi\u0105zuj\u0105cymi przepisami prawa. Korzystanie z Serwisu oraz wynajem domu lub rejs jachtem wi\u0105\u017ce &hellip; <\/p>\n<p class=\"link-more\"><a href=\"https:\/\/beztroskiwypoczynek.pl\/?page_id=155\" class=\"more-link\">Read more<span class=\"screen-reader-text\"> &#8222;Regulamin&#8221;<\/span><\/a><\/p>\n","protected":false},"author":1,"featured_media":0,"parent":0,"menu_order":0,"comment_status":"closed","ping_status":"closed","template":"","meta":{"footnotes":""},"class_list":["post-155","page","type-page","status-publish","hentry"],"jetpack_sharing_enabled":true,"_links":{"self":[{"href":"https:\/\/beztroskiwypoczynek.pl\/index.php?rest_route=\/wp\/v2\/pages\/155","targetHints":{"allow":["GET"]}}],"collection":[{"href":"https:\/\/beztroskiwypoczynek.pl\/index.php?rest_route=\/wp\/v2\/pages"}],"about":[{"href":"https:\/\/beztroskiwypoczynek.pl\/index.php?rest_route=\/wp\/v2\/types\/page"}],"author":[{"embeddable":true,"href":"https:\/\/beztroskiwypoczynek.pl\/index.php?rest_route=\/wp\/v2\/users\/1"}],"replies":[{"embeddable":true,"href":"https:\/\/beztroskiwypoczynek.pl\/index.php?rest_route=%2Fwp%2Fv2%2Fcomments&post=155"}],"version-history":[{"count":4,"href":"https:\/\/beztroskiwypoczynek.pl\/index.php?rest_route=\/wp\/v2\/pages\/155\/revisions"}],"predecessor-version":[{"id":278,"href":"https:\/\/beztroskiwypoczynek.pl\/index.php?rest_route=\/wp\/v2\/pages\/155\/revisions\/278"}],"wp:attachment":[{"href":"https:\/\/beztroskiwypoczynek.pl\/index.php?rest_route=%2Fwp%2Fv2%2Fmedia&parent=155"}],"curies":[{"name":"wp","href":"https:\/\/api.w.org\/{rel}","templated":true}]}}